{"id":799,"date":"2024-02-10T00:19:26","date_gmt":"2024-02-09T23:19:26","guid":{"rendered":"https:\/\/www.nicolasdohr.art\/site\/?page_id=799"},"modified":"2024-04-01T17:17:42","modified_gmt":"2024-04-01T15:17:42","slug":"qui-suis-je","status":"publish","type":"page","link":"https:\/\/www.nicolasdohr.com\/?page_id=799","title":{"rendered":"Qui suis-je ?"},"content":{"rendered":"\t\t<div data-elementor-type=\"wp-page\" data-elementor-id=\"799\" class=\"elementor elementor-799\" data-elementor-post-type=\"page\">\n\t\t\t\t<div class=\"elementor-element elementor-element-3446c8f e-con-full e-flex e-con e-parent\" data-id=\"3446c8f\" data-element_type=\"container\" data-e-type=\"container\" data-settings=\"{&quot;background_background&quot;:&quot;slideshow&quot;,&quot;background_slideshow_gallery&quot;:[{&quot;id&quot;:816,&quot;url&quot;:&quot;https:\\\/\\\/www.nicolasdohr.com\\\/wp-content\\\/uploads\\\/2024\\\/02\\\/0904011701-7311.2593.jpg&quot;},{&quot;id&quot;:815,&quot;url&quot;:&quot;https:\\\/\\\/www.nicolasdohr.com\\\/wp-content\\\/uploads\\\/2024\\\/02\\\/0904011701-7310.2597.jpg&quot;},{&quot;id&quot;:814,&quot;url&quot;:&quot;https:\\\/\\\/www.nicolasdohr.com\\\/wp-content\\\/uploads\\\/2024\\\/02\\\/0904011649-7290.2602.jpg&quot;}],&quot;background_slideshow_lazyload&quot;:&quot;yes&quot;,&quot;background_slideshow_ken_burns&quot;:&quot;yes&quot;,&quot;position&quot;:&quot;fixed&quot;,&quot;background_slideshow_loop&quot;:&quot;yes&quot;,&quot;background_slideshow_slide_duration&quot;:5000,&quot;background_slideshow_slide_transition&quot;:&quot;fade&quot;,&quot;background_slideshow_transition_duration&quot;:500,&quot;background_slideshow_ken_burns_zoom_direction&quot;:&quot;in&quot;}\">\n\t\t\t\t<\/div>\n\t\t<div class=\"elementor-element elementor-element-bbaacfe e-con-full e-flex e-con e-parent\" data-id=\"bbaacfe\" data-element_type=\"container\" data-e-type=\"container\" data-settings=\"{&quot;background_background&quot;:&quot;classic&quot;}\">\n\t\t<div class=\"elementor-element elementor-element-239522c e-flex e-con-boxed e-con e-child\" data-id=\"239522c\" data-element_type=\"container\" data-e-type=\"container\">\n\t\t\t\t\t<div class=\"e-con-inner\">\n\t\t\t\t<div class=\"elementor-element elementor-element-2c9b31c e-transform elementor-widget elementor-widget-heading\" data-id=\"2c9b31c\" data-element_type=\"widget\" data-e-type=\"widget\" data-settings=\"{&quot;_transform_translateX_effect&quot;:{&quot;unit&quot;:&quot;px&quot;,&quot;size&quot;:0,&quot;sizes&quot;:[]},&quot;_transform_translateY_effect&quot;:{&quot;unit&quot;:&quot;px&quot;,&quot;size&quot;:0,&quot;sizes&quot;:[]},&quot;_transform_translateX_effect_tablet&quot;:{&quot;unit&quot;:&quot;px&quot;,&quot;size&quot;:&quot;&quot;,&quot;sizes&quot;:[]},&quot;_transform_translateX_effect_mobile&quot;:{&quot;unit&quot;:&quot;px&quot;,&quot;size&quot;:&quot;&quot;,&quot;sizes&quot;:[]},&quot;_transform_translateY_effect_tablet&quot;:{&quot;unit&quot;:&quot;px&quot;,&quot;size&quot;:&quot;&quot;,&quot;sizes&quot;:[]},&quot;_transform_translateY_effect_mobile&quot;:{&quot;unit&quot;:&quot;px&quot;,&quot;size&quot;:&quot;&quot;,&quot;sizes&quot;:[]}}\" data-widget_type=\"heading.default\">\n\t\t\t\t<div class=\"elementor-widget-container\">\n\t\t\t\t\t<h1 class=\"elementor-heading-title elementor-size-default\">Qui suis-je ?<\/h1>\t\t\t\t<\/div>\n\t\t\t\t<\/div>\n\t\t\t\t\t<\/div>\n\t\t\t\t<\/div>\n\t\t<div class=\"elementor-element elementor-element-7b50129 e-con-full e-flex e-con e-child\" data-id=\"7b50129\" data-element_type=\"container\" data-e-type=\"container\">\n\t\t<div class=\"elementor-element elementor-element-00e08f7 e-flex e-con-boxed e-con e-child\" data-id=\"00e08f7\" data-element_type=\"container\" data-e-type=\"container\">\n\t\t\t\t\t<div class=\"e-con-inner\">\n\t\t\t\t<div class=\"elementor-element elementor-element-ed75fbc elementor-widget elementor-widget-text-editor\" data-id=\"ed75fbc\" data-element_type=\"widget\" data-e-type=\"widget\" data-widget_type=\"text-editor.default\">\n\t\t\t\t<div class=\"elementor-widget-container\">\n\t\t\t\t\t\t\t\t\t<div id=\"comp-jurf3kra\" class=\"KcpHeO tz5f0K comp-jurf3kra wixui-rich-text\" data-testid=\"richTextElement\"><p class=\"font_8 wixui-rich-text__text\"><span class=\"wixui-rich-text__text\">J\u2019ai grandi dans une famille d\u2019artistes, entre un grand-p\u00e8re, un p\u00e8re et un oncle peintres, et une m\u00e8re sculptrice. J\u2019ai pour ma part trouv\u00e9 ma voie dans la photographie que je pratique depuis l&rsquo;\u00e2ge de sept ans.<\/span><\/p><p class=\"font_8 wixui-rich-text__text\"><span class=\"wixui-rich-text__text\">Au moment de faire mes choix d\u2019orientation, j\u2019ai suivi un cursus scientifique, du bac S sp\u00e9cialit\u00e9 physique, \u00e0 la licence en informatique en passant par maths sup. Apr\u00e8s dix ann\u00e9es consacr\u00e9es \u00e0 la gestion de r\u00e9seaux informatiques, je suis revenu \u00e0 mes premi\u00e8res amours et me suis install\u00e9 comme photographe ind\u00e9pendant en 2008.<\/span><\/p><p class=\"font_8 wixui-rich-text__text\"><span class=\"wixui-rich-text__text\">Mon go\u00fbt pour les sciences et techniques m\u2019a naturellement amen\u00e9 \u00e0 me tourner vers les entreprises et le monde de l\u2019industrie. J\u2019ai commenc\u00e9 par travailler pour Saint-Gobain et COLAS, puis de nombreux autres comme Sanofi. J\u2019interviens pour mes clients partout en France, et j\u2019assure r\u00e9guli\u00e8rement des missions \u00e0 l\u2019\u00e9tranger, \u00e0 Lisbonne, Barcelone, Casablanca ou encore Shanghai.<\/span><\/p><p class=\"font_8 wixui-rich-text__text\"><span class=\"wixui-rich-text__text\">De formation scientifique mais profond\u00e9ment humaniste, j\u2019ai \u00e0 c\u0153ur de placer l&rsquo;Homme au c\u0153ur de mes travaux. Je m\u2019appuie en outre sur les comp\u00e9tences acquises tout au long de ma carri\u00e8re pour illustrer des sujets techniques et architecturaux afin de m\u2019adapter aux diverses demandes de mes clients. J\u2019ai ainsi d\u00e9velopp\u00e9 une grande polyvalence et une bonne capacit\u00e9 d\u2019adaptation qui me permettent de travailler sur tous les sujets.<\/span><\/p><p class=\"font_8 wixui-rich-text__text\"><span class=\"wixui-rich-text__text\">Membre de l\u2019\u00e9quipe photo des Eurock\u00e9ennes de Belfort pendant dix ans, cette exp\u00e9rience a \u00e9t\u00e9 l\u2019occasion de c\u00f4toyer au plus pr\u00e8s des musiciens prestigieux et d\u2019acqu\u00e9rir une grande exp\u00e9rience en photographies de sc\u00e8ne. <\/span><\/p><p class=\"font_8 wixui-rich-text__text\"><span class=\"wixui-rich-text__text\">J\u2019ai aussi \u00e9t\u00e9 pendant quatre saisons le photographe du SLUC Nancy Basket que j\u2019ai accompagn\u00e9 en 2011 sur le parquet du Palais Omnisports de Paris Bercy pour les voir remporter le championnat de France de PRO A.<\/span><\/p><p class=\"font_8 wixui-rich-text__text\"><span class=\"wixui-rich-text__text\">Afin de prendre de la hauteur dans mes reportages et de travailler en trois dimensions, j\u2019ai suivi en 2019 un cursus me permettant d\u2019\u00eatre t\u00e9l\u00e9pilote d\u00e9clar\u00e9 aupr\u00e8s de la Direction G\u00e9n\u00e9rale de l\u2019Aviation Civile et de r\u00e9aliser toutes les prises de vues a\u00e9riennes qui me sont confi\u00e9es.<\/span><\/p><p class=\"font_8 wixui-rich-text__text\"><span class=\"wixui-rich-text__text\">Cette polyvalence me permet de travailler pour les plus grands groupes de France (COLAS, Daum, L\u2019Or\u00e9al, Air Liquide, EDF, Orange, MAIF, Caisse d\u2019\u00e9pargne, Bouygues&#8230;) et les plus grandes agences (Publicis, Havas). Je collabore en outre r\u00e9guli\u00e8rement avec l\u2019Universit\u00e9 de Lorraine et Destination Nancy, l\u2019op\u00e9rateur unique du tourisme dans la M\u00e9tropole du Grand Nancy.<\/span><\/p><\/div>\t\t\t\t\t\t\t\t<\/div>\n\t\t\t\t<\/div>\n\t\t\t\t\t<\/div>\n\t\t\t\t<\/div>\n\t\t<div class=\"elementor-element elementor-element-c2bd647 e-con-full e-flex e-con e-child\" data-id=\"c2bd647\" data-element_type=\"container\" data-e-type=\"container\">\n\t\t\t\t<div class=\"elementor-element elementor-element-848980b elementor-widget elementor-widget-image\" data-id=\"848980b\" data-element_type=\"widget\" data-e-type=\"widget\" data-widget_type=\"image.default\">\n\t\t\t\t<div class=\"elementor-widget-container\">\n\t\t\t\t\t\t\t\t\t\t\t\t\t\t\t<img fetchpriority=\"high\" decoding=\"async\" width=\"1333\" height=\"2000\" src=\"https:\/\/www.nicolasdohr.com\/wp-content\/uploads\/2024\/03\/1807191158-0359.jpg\" class=\"attachment-2048x2048 size-2048x2048 wp-image-5104\" alt=\"\" srcset=\"https:\/\/www.nicolasdohr.com\/wp-content\/uploads\/2024\/03\/1807191158-0359.jpg 1333w, https:\/\/www.nicolasdohr.com\/wp-content\/uploads\/2024\/03\/1807191158-0359-200x300.jpg 200w, https:\/\/www.nicolasdohr.com\/wp-content\/uploads\/2024\/03\/1807191158-0359-682x1024.jpg 682w, https:\/\/www.nicolasdohr.com\/wp-content\/uploads\/2024\/03\/1807191158-0359-768x1152.jpg 768w, https:\/\/www.nicolasdohr.com\/wp-content\/uploads\/2024\/03\/1807191158-0359-1024x1536.jpg 1024w\" sizes=\"(max-width: 1333px) 100vw, 1333px\" \/>\t\t\t\t\t\t\t\t\t\t\t\t\t\t\t<\/div>\n\t\t\t\t<\/div>\n\t\t\t\t<\/div>\n\t\t\t\t<\/div>\n\t\t\t\t<\/div>\n\t\t\t\t<\/div>\n\t\t","protected":false},"excerpt":{"rendered":"<p>J\u2019ai grandi dans une famille d\u2019artistes, entre un grand-p\u00e8re, un p\u00e8re et un oncle peintres, et une m\u00e8re sculptrice. J\u2019ai pour ma part trouv\u00e9 ma voie dans la photographie que je pratique depuis mes sept ans.<\/p>\n","protected":false},"author":3,"featured_media":5107,"parent":0,"menu_order":0,"comment_status":"closed","ping_status":"closed","template":"","meta":{"_sitemap_exclude":false,"_sitemap_priority":"","_sitemap_frequency":"","_monsterinsights_skip_tracking":false,"_monsterinsights_sitenote_active":false,"_monsterinsights_sitenote_note":"","_monsterinsights_sitenote_category":0,"footnotes":""},"class_list":["post-799","page","type-page","status-publish","has-post-thumbnail","hentry"],"_links":{"self":[{"href":"https:\/\/www.nicolasdohr.com\/index.php?rest_route=\/wp\/v2\/pages\/799","targetHints":{"allow":["GET"]}}],"collection":[{"href":"https:\/\/www.nicolasdohr.com\/index.php?rest_route=\/wp\/v2\/pages"}],"about":[{"href":"https:\/\/www.nicolasdohr.com\/index.php?rest_route=\/wp\/v2\/types\/page"}],"author":[{"embeddable":true,"href":"https:\/\/www.nicolasdohr.com\/index.php?rest_route=\/wp\/v2\/users\/3"}],"replies":[{"embeddable":true,"href":"https:\/\/www.nicolasdohr.com\/index.php?rest_route=%2Fwp%2Fv2%2Fcomments&post=799"}],"version-history":[{"count":85,"href":"https:\/\/www.nicolasdohr.com\/index.php?rest_route=\/wp\/v2\/pages\/799\/revisions"}],"predecessor-version":[{"id":6466,"href":"https:\/\/www.nicolasdohr.com\/index.php?rest_route=\/wp\/v2\/pages\/799\/revisions\/6466"}],"wp:featuredmedia":[{"embeddable":true,"href":"https:\/\/www.nicolasdohr.com\/index.php?rest_route=\/wp\/v2\/media\/5107"}],"wp:attachment":[{"href":"https:\/\/www.nicolasdohr.com\/index.php?rest_route=%2Fwp%2Fv2%2Fmedia&parent=799"}],"curies":[{"name":"wp","href":"https:\/\/api.w.org\/{rel}","templated":true}]}}