{"id":7240,"date":"2025-03-11T13:30:18","date_gmt":"2025-03-11T12:30:18","guid":{"rendered":"https:\/\/www.nicolasdohr.com\/?page_id=7240"},"modified":"2025-03-11T22:52:50","modified_gmt":"2025-03-11T21:52:50","slug":"expositions","status":"publish","type":"page","link":"https:\/\/www.nicolasdohr.com\/?page_id=7240","title":{"rendered":"Expositions"},"content":{"rendered":"\t\t<div data-elementor-type=\"wp-page\" data-elementor-id=\"7240\" class=\"elementor elementor-7240\" data-elementor-post-type=\"page\">\n\t\t\t\t<div class=\"elementor-element elementor-element-eb6853d e-flex e-con-boxed e-con e-parent\" data-id=\"eb6853d\" data-element_type=\"container\" data-e-type=\"container\" data-settings=\"{&quot;position&quot;:&quot;fixed&quot;,&quot;background_background&quot;:&quot;slideshow&quot;,&quot;background_slideshow_gallery&quot;:[{&quot;id&quot;:7328,&quot;url&quot;:&quot;https:\\\/\\\/www.nicolasdohr.com\\\/wp-content\\\/uploads\\\/2025\\\/03\\\/2409171021-5502-1.jpg&quot;},{&quot;id&quot;:7322,&quot;url&quot;:&quot;https:\\\/\\\/www.nicolasdohr.com\\\/wp-content\\\/uploads\\\/2025\\\/03\\\/2407241203-0301b.4284-1.jpg&quot;},{&quot;id&quot;:7300,&quot;url&quot;:&quot;https:\\\/\\\/www.nicolasdohr.com\\\/wp-content\\\/uploads\\\/2025\\\/03\\\/2407111049-2209.4290-1.jpg&quot;},{&quot;id&quot;:7291,&quot;url&quot;:&quot;https:\\\/\\\/www.nicolasdohr.com\\\/wp-content\\\/uploads\\\/2025\\\/03\\\/2407101541-1484.4457-1.jpg&quot;},{&quot;id&quot;:7290,&quot;url&quot;:&quot;https:\\\/\\\/www.nicolasdohr.com\\\/wp-content\\\/uploads\\\/2025\\\/03\\\/2404121014-5085.4104-1.jpg&quot;}],&quot;background_slideshow_lazyload&quot;:&quot;yes&quot;,&quot;background_slideshow_ken_burns&quot;:&quot;yes&quot;,&quot;background_slideshow_loop&quot;:&quot;yes&quot;,&quot;background_slideshow_slide_duration&quot;:5000,&quot;background_slideshow_slide_transition&quot;:&quot;fade&quot;,&quot;background_slideshow_transition_duration&quot;:500,&quot;background_slideshow_ken_burns_zoom_direction&quot;:&quot;in&quot;}\">\n\t\t\t\t\t<div class=\"e-con-inner\">\n\t\t\t\t\t<\/div>\n\t\t\t\t<\/div>\n\t\t<div class=\"elementor-element elementor-element-936d765 e-con-full e-flex e-con e-parent\" data-id=\"936d765\" data-element_type=\"container\" data-e-type=\"container\" data-settings=\"{&quot;background_background&quot;:&quot;classic&quot;}\">\n\t\t<div class=\"elementor-element elementor-element-2596045 e-flex e-con-boxed e-con e-child\" data-id=\"2596045\" data-element_type=\"container\" data-e-type=\"container\">\n\t\t\t\t\t<div class=\"e-con-inner\">\n\t\t\t\t<div class=\"elementor-element elementor-element-0316244 elementor-widget elementor-widget-text-editor\" data-id=\"0316244\" data-element_type=\"widget\" data-e-type=\"widget\" data-widget_type=\"text-editor.default\">\n\t\t\t\t<div class=\"elementor-widget-container\">\n\t\t\t\t\t\t\t\t\t<pre>\/ <a href=\"#\" data-wplink-edit=\"true\">EXPOSITION <\/a><\/pre>\t\t\t\t\t\t\t\t<\/div>\n\t\t\t\t<\/div>\n\t\t\t\t\t<\/div>\n\t\t\t\t<\/div>\n\t\t\t\t<div class=\"elementor-element elementor-element-efb95c0 elementor-widget elementor-widget-image\" data-id=\"efb95c0\" data-element_type=\"widget\" data-e-type=\"widget\" data-widget_type=\"image.default\">\n\t\t\t\t<div class=\"elementor-widget-container\">\n\t\t\t\t\t\t\t\t\t\t\t\t\t\t\t\t<a href=\"https:\/\/www.cathedralesindustrielles.art\/\" target=\"_blank\">\n\t\t\t\t\t\t\t<img fetchpriority=\"high\" decoding=\"async\" width=\"768\" height=\"251\" src=\"https:\/\/www.nicolasdohr.com\/wp-content\/uploads\/2025\/03\/Titre-CatInd-Or-URL-768x251.png\" class=\"attachment-medium_large size-medium_large wp-image-7334\" alt=\"\" srcset=\"https:\/\/www.nicolasdohr.com\/wp-content\/uploads\/2025\/03\/Titre-CatInd-Or-URL-768x251.png 768w, https:\/\/www.nicolasdohr.com\/wp-content\/uploads\/2025\/03\/Titre-CatInd-Or-URL-300x98.png 300w, https:\/\/www.nicolasdohr.com\/wp-content\/uploads\/2025\/03\/Titre-CatInd-Or-URL-1024x335.png 1024w, https:\/\/www.nicolasdohr.com\/wp-content\/uploads\/2025\/03\/Titre-CatInd-Or-URL-1536x502.png 1536w, https:\/\/www.nicolasdohr.com\/wp-content\/uploads\/2025\/03\/Titre-CatInd-Or-URL.png 2000w\" sizes=\"(max-width: 768px) 100vw, 768px\" \/>\t\t\t\t\t\t\t\t<\/a>\n\t\t\t\t\t\t\t\t\t\t\t\t\t\t\t<\/div>\n\t\t\t\t<\/div>\n\t\t\t\t<div class=\"elementor-element elementor-element-e074aea elementor-widget elementor-widget-image-carousel\" data-id=\"e074aea\" data-element_type=\"widget\" data-e-type=\"widget\" data-settings=\"{&quot;slides_to_show&quot;:&quot;1&quot;,&quot;navigation&quot;:&quot;none&quot;,&quot;effect&quot;:&quot;fade&quot;,&quot;speed&quot;:400,&quot;autoplay_speed&quot;:3500,&quot;autoplay&quot;:&quot;yes&quot;,&quot;infinite&quot;:&quot;yes&quot;}\" data-widget_type=\"image-carousel.default\">\n\t\t\t\t<div class=\"elementor-widget-container\">\n\t\t\t\t\t\t\t<div class=\"elementor-image-carousel-wrapper swiper\" role=\"region\" aria-roledescription=\"carousel\" aria-label=\"Carrousel d\u2019images\" dir=\"ltr\">\n\t\t\t<div class=\"elementor-image-carousel swiper-wrapper\" aria-live=\"off\">\n\t\t\t\t\t\t\t\t<div class=\"swiper-slide\" role=\"group\" aria-roledescription=\"slide\" aria-label=\"1 sur 8\"><a data-elementor-open-lightbox=\"yes\" data-elementor-lightbox-slideshow=\"e074aea\" data-e-action-hash=\"#elementor-action%3Aaction%3Dlightbox%26settings%3DeyJpZCI6NzI4NywidXJsIjoiaHR0cHM6XC9cL3d3dy5uaWNvbGFzZG9oci5jb21cL3dwLWNvbnRlbnRcL3VwbG9hZHNcLzIwMjVcLzAzXC8yNDExMTgxMjE1LTI0NDYuNDczOC5qcGciLCJzbGlkZXNob3ciOiJlMDc0YWVhIn0%3D\" href=\"https:\/\/www.cathedralesindustrielles.art\/\" target=\"_blank\"><figure class=\"swiper-slide-inner\"><img decoding=\"async\" class=\"swiper-slide-image\" src=\"https:\/\/www.nicolasdohr.com\/wp-content\/uploads\/elementor\/thumbs\/2411181215-2446.4738-r2nr3ecja7aelz7spge7jiy5ko3wrsf0b8s31mt19c.jpg\" alt=\"2411181215-2446.4738\" \/><\/figure><\/a><\/div><div class=\"swiper-slide\" role=\"group\" aria-roledescription=\"slide\" aria-label=\"2 sur 8\"><a data-elementor-open-lightbox=\"yes\" data-elementor-lightbox-slideshow=\"e074aea\" data-e-action-hash=\"#elementor-action%3Aaction%3Dlightbox%26settings%3DeyJpZCI6NzI4NCwidXJsIjoiaHR0cHM6XC9cL3d3dy5uaWNvbGFzZG9oci5jb21cL3dwLWNvbnRlbnRcL3VwbG9hZHNcLzIwMjVcLzAzXC8yNDA5MTcxMTQxLTU2NDkuanBnIiwic2xpZGVzaG93IjoiZTA3NGFlYSJ9\" href=\"https:\/\/www.cathedralesindustrielles.art\/\" target=\"_blank\"><figure class=\"swiper-slide-inner\"><img decoding=\"async\" class=\"swiper-slide-image\" src=\"https:\/\/www.nicolasdohr.com\/wp-content\/uploads\/elementor\/thumbs\/2409171141-5649-r2nr3bj0pp6jn5bw5x6bu1nrsiht4p3tautmlsx7s0.jpg\" alt=\"2409171141-5649\" \/><\/figure><\/a><\/div><div class=\"swiper-slide\" role=\"group\" aria-roledescription=\"slide\" aria-label=\"3 sur 8\"><a data-elementor-open-lightbox=\"yes\" data-elementor-lightbox-slideshow=\"e074aea\" data-e-action-hash=\"#elementor-action%3Aaction%3Dlightbox%26settings%3DeyJpZCI6NzI4MSwidXJsIjoiaHR0cHM6XC9cL3d3dy5uaWNvbGFzZG9oci5jb21cL3dwLWNvbnRlbnRcL3VwbG9hZHNcLzIwMjVcLzAzXC8yNDA5MTcxMDE3LTU0ODAuanBnIiwic2xpZGVzaG93IjoiZTA3NGFlYSJ9\" href=\"https:\/\/www.cathedralesindustrielles.art\/\" target=\"_blank\"><figure class=\"swiper-slide-inner\"><img decoding=\"async\" class=\"swiper-slide-image\" src=\"https:\/\/www.nicolasdohr.com\/wp-content\/uploads\/elementor\/thumbs\/2409171017-5480-r2nr38pi572oobfzmdyg4kde0cvphlsmagv65z1eao.jpg\" alt=\"2409171017-5480\" \/><\/figure><\/a><\/div><div class=\"swiper-slide\" role=\"group\" aria-roledescription=\"slide\" aria-label=\"4 sur 8\"><a data-elementor-open-lightbox=\"yes\" data-elementor-lightbox-slideshow=\"e074aea\" data-e-action-hash=\"#elementor-action%3Aaction%3Dlightbox%26settings%3DeyJpZCI6NzI3NywidXJsIjoiaHR0cHM6XC9cL3d3dy5uaWNvbGFzZG9oci5jb21cL3dwLWNvbnRlbnRcL3VwbG9hZHNcLzIwMjVcLzAzXC8yNDA5MTYxMDAxLTUxNTcuNDY5OS5qcGciLCJzbGlkZXNob3ciOiJlMDc0YWVhIn0%3D\" href=\"https:\/\/www.cathedralesindustrielles.art\/\" target=\"_blank\"><figure class=\"swiper-slide-inner\"><img decoding=\"async\" class=\"swiper-slide-image\" src=\"https:\/\/www.nicolasdohr.com\/wp-content\/uploads\/elementor\/thumbs\/2409161001-5157.4699-r2nr340b70w929mtdtxba3k31fivf49yltlqrl8d5s.jpg\" alt=\"2409161001-5157.4699\" \/><\/figure><\/a><\/div><div class=\"swiper-slide\" role=\"group\" aria-roledescription=\"slide\" aria-label=\"5 sur 8\"><a data-elementor-open-lightbox=\"yes\" data-elementor-lightbox-slideshow=\"e074aea\" data-e-action-hash=\"#elementor-action%3Aaction%3Dlightbox%26settings%3DeyJpZCI6NzI3MiwidXJsIjoiaHR0cHM6XC9cL3d3dy5uaWNvbGFzZG9oci5jb21cL3dwLWNvbnRlbnRcL3VwbG9hZHNcLzIwMjVcLzAzXC8yNDA4MjgxNjIzLTIzODEuanBnIiwic2xpZGVzaG93IjoiZTA3NGFlYSJ9\" href=\"https:\/\/www.cathedralesindustrielles.art\/\" target=\"_blank\"><figure class=\"swiper-slide-inner\"><img decoding=\"async\" class=\"swiper-slide-image\" src=\"https:\/\/www.nicolasdohr.com\/wp-content\/uploads\/elementor\/thumbs\/2408281623-2381-r2nr2zb48uptg7tn59w6fmqs2i61cmrax6cbd7fc0w.jpg\" alt=\"2408281623-2381\" \/><\/figure><\/a><\/div><div class=\"swiper-slide\" role=\"group\" aria-roledescription=\"slide\" aria-label=\"6 sur 8\"><a data-elementor-open-lightbox=\"yes\" data-elementor-lightbox-slideshow=\"e074aea\" data-e-action-hash=\"#elementor-action%3Aaction%3Dlightbox%26settings%3DeyJpZCI6NzI2OSwidXJsIjoiaHR0cHM6XC9cL3d3dy5uaWNvbGFzZG9oci5jb21cL3dwLWNvbnRlbnRcL3VwbG9hZHNcLzIwMjVcLzAzXC8yNDA3MjQxMjAzLTAzMDFiLjQyODQuanBnIiwic2xpZGVzaG93IjoiZTA3NGFlYSJ9\" href=\"https:\/\/www.cathedralesindustrielles.art\/\" target=\"_blank\"><figure class=\"swiper-slide-inner\"><img decoding=\"async\" class=\"swiper-slide-image\" src=\"https:\/\/www.nicolasdohr.com\/wp-content\/uploads\/elementor\/thumbs\/2407241203-0301b.4284-r2nr2vjrhiko5rz3r89o5noxoyokhucdknqdg3kwps.jpg\" alt=\"2407241203-0301b.4284\" \/><\/figure><\/a><\/div><div class=\"swiper-slide\" role=\"group\" aria-roledescription=\"slide\" aria-label=\"7 sur 8\"><a data-elementor-open-lightbox=\"yes\" data-elementor-lightbox-slideshow=\"e074aea\" data-e-action-hash=\"#elementor-action%3Aaction%3Dlightbox%26settings%3DeyJpZCI6NzI2NCwidXJsIjoiaHR0cHM6XC9cL3d3dy5uaWNvbGFzZG9oci5jb21cL3dwLWNvbnRlbnRcL3VwbG9hZHNcLzIwMjVcLzAzXC8yNDA3MTYxMTMyLTAyNDEuNDUzOC5qcGciLCJzbGlkZXNob3ciOiJlMDc0YWVhIn0%3D\" href=\"https:\/\/www.cathedralesindustrielles.art\/\" target=\"_blank\"><figure class=\"swiper-slide-inner\"><img decoding=\"async\" class=\"swiper-slide-image\" src=\"https:\/\/www.nicolasdohr.com\/wp-content\/uploads\/elementor\/thumbs\/2407161132-0241.4538-r2nr2oyw5obnwi8ntnfa67cpj9kzzym97r5z35unxc.jpg\" alt=\"2407161132-0241.4538\" \/><\/figure><\/a><\/div><div class=\"swiper-slide\" role=\"group\" aria-roledescription=\"slide\" aria-label=\"8 sur 8\"><a data-elementor-open-lightbox=\"yes\" data-elementor-lightbox-slideshow=\"e074aea\" data-e-action-hash=\"#elementor-action%3Aaction%3Dlightbox%26settings%3DeyJpZCI6NzI2NiwidXJsIjoiaHR0cHM6XC9cL3d3dy5uaWNvbGFzZG9oci5jb21cL3dwLWNvbnRlbnRcL3VwbG9hZHNcLzIwMjVcLzAzXC8yNDA3MTcxMzU3LTA0MTkuNDQ0Ny5qcGciLCJzbGlkZXNob3ciOiJlMDc0YWVhIn0%3D\" href=\"https:\/\/www.cathedralesindustrielles.art\/\" target=\"_blank\"><figure class=\"swiper-slide-inner\"><img decoding=\"async\" class=\"swiper-slide-image\" src=\"https:\/\/www.nicolasdohr.com\/wp-content\/uploads\/elementor\/thumbs\/2407171357-0419.4447-r2nr2rseq6fivc4kd6n5von3bf73n1xg854fizqheo.jpg\" alt=\"2407171357-0419.4447\" \/><\/figure><\/a><\/div>\t\t\t<\/div>\n\t\t\t\t\t\t\t\n\t\t\t\t\t\t\t\t\t<\/div>\n\t\t\t\t\t\t<\/div>\n\t\t\t\t<\/div>\n\t\t\t\t<div class=\"elementor-element elementor-element-df740f2 elementor-widget__width-initial elementor-widget elementor-widget-text-editor\" data-id=\"df740f2\" data-element_type=\"widget\" data-e-type=\"widget\" data-widget_type=\"text-editor.default\">\n\t\t\t\t<div class=\"elementor-widget-container\">\n\t\t\t\t\t\t\t\t\t<p>Les sites industriels se dressent tels de v\u00e9ritables monuments, t\u00e9moins puissants de l\u2019histoire et de l\u2019ing\u00e9niosit\u00e9 humaine. C\u2019est dans cet esprit que l\u2019exposition photographique <strong><em>Cath\u00e9drales Industrielles<\/em><\/strong> s\u2019ouvre pour une tourn\u00e9e exceptionnelle \u00e0 travers la r\u00e9gion du Grand Est, offrant au public une plong\u00e9e fascinante dans l\u2019univers graphique et \u00e9nigmatique de ces architectures imposantes.<\/p><p>Con\u00e7ue par Nicolas Dohr, photographe sp\u00e9cialis\u00e9 dans le domaine industriel depuis plus de quinze ans, cette exposition invite \u00e0 red\u00e9couvrir la beaut\u00e9 brute et souvent m\u00e9connue de ces installations, toujours en pleine activit\u00e9. \u00c0 travers quarante-cinq photographies grand format, <strong><em>Cath\u00e9drales Industrielles<\/em><\/strong> propose une exp\u00e9rience immersive unique. Seules indications fournies au visiteur : le nom de l\u2019entreprise et son emplacement g\u00e9ographique. Lib\u00e9r\u00e9 de tout autre rep\u00e8re, le spectateur est ainsi invit\u00e9 \u00e0 laisser libre cours \u00e0 son imaginaire, errant dans ces d\u00e9cors surr\u00e9alistes qui r\u00e9v\u00e8lent les vestiges et la force de notre h\u00e9ritage industriel.<\/p><p data-start=\"659\" data-end=\"837\" data-is-last-node=\"\" data-is-only-node=\"\">Salu\u00e9e par la presse et les m\u00e9dias, <strong>Cath\u00e9drales Industrielles <\/strong>est une invitation \u00e0 red\u00e9couvrir un monde o\u00f9 la technique se transforme en art et o\u00f9 l\u2019\u00e9motion na\u00eet de la mati\u00e8re.<\/p><p data-start=\"659\" data-end=\"837\" data-is-last-node=\"\" data-is-only-node=\"\">D\u00e9couvrez l&rsquo;exposition sur le site :<\/p><h3 style=\"text-align: center;\" data-start=\"659\" data-end=\"837\"><a href=\"https:\/\/www.cathedralesindustrielles.art\/\"><span style=\"color: #bc9b5d;\">cathedralesindustrielles.art<\/span><\/a><\/h3>\t\t\t\t\t\t\t\t<\/div>\n\t\t\t\t<\/div>\n\t\t\t\t<\/div>\n\t\t<div class=\"elementor-element elementor-element-6739d79 e-flex e-con-boxed e-con e-parent\" data-id=\"6739d79\" data-element_type=\"container\" data-e-type=\"container\">\n\t\t\t\t\t<div class=\"e-con-inner\">\n\t\t\t\t<div class=\"elementor-element elementor-element-287c00a elementor-widget__width-initial elementor-widget-divider--view-line elementor-widget elementor-widget-divider\" data-id=\"287c00a\" data-element_type=\"widget\" data-e-type=\"widget\" data-widget_type=\"divider.default\">\n\t\t\t\t<div class=\"elementor-widget-container\">\n\t\t\t\t\t\t\t<div class=\"elementor-divider\">\n\t\t\t<span class=\"elementor-divider-separator\">\n\t\t\t\t\t\t<\/span>\n\t\t<\/div>\n\t\t\t\t\t\t<\/div>\n\t\t\t\t<\/div>\n\t\t\t\t\t<\/div>\n\t\t\t\t<\/div>\n\t\t\t\t<\/div>\n\t\t","protected":false},"excerpt":{"rendered":"<p>D\u00e9couvrez la section \u00ab\u00a0Visites Virtuelles\u00a0\u00bb de mon site web, une vitrine interactive offrant des exp\u00e9riences immersives et personnalis\u00e9es. Sp\u00e9cialis\u00e9 dans les visites virtuelles param\u00e9trables, je capture des perspectives uniques au sol et en drone, adapt\u00e9es \u00e0 une gamme diversifi\u00e9e d&rsquo;applications, telles que le patrimoine, les mus\u00e9es ou les projets urbains. Parmi mes clients figurent des institutions renomm\u00e9es telles que l&rsquo;Universit\u00e9 de Lorraine, Toul Habitat ou la MAIF, t\u00e9moignant de ma capacit\u00e9 \u00e0 fournir des solutions de qualit\u00e9 r\u00e9pondant aux besoins vari\u00e9s de mes partenaires.<\/p>\n","protected":false},"author":3,"featured_media":4698,"parent":0,"menu_order":0,"comment_status":"closed","ping_status":"closed","template":"","meta":{"_sitemap_exclude":false,"_sitemap_priority":"","_sitemap_frequency":"","_monsterinsights_skip_tracking":false,"_monsterinsights_sitenote_active":false,"_monsterinsights_sitenote_note":"","_monsterinsights_sitenote_category":0,"footnotes":""},"class_list":["post-7240","page","type-page","status-publish","has-post-thumbnail","hentry"],"_links":{"self":[{"href":"https:\/\/www.nicolasdohr.com\/index.php?rest_route=\/wp\/v2\/pages\/7240","targetHints":{"allow":["GET"]}}],"collection":[{"href":"https:\/\/www.nicolasdohr.com\/index.php?rest_route=\/wp\/v2\/pages"}],"about":[{"href":"https:\/\/www.nicolasdohr.com\/index.php?rest_route=\/wp\/v2\/types\/page"}],"author":[{"embeddable":true,"href":"https:\/\/www.nicolasdohr.com\/index.php?rest_route=\/wp\/v2\/users\/3"}],"replies":[{"embeddable":true,"href":"https:\/\/www.nicolasdohr.com\/index.php?rest_route=%2Fwp%2Fv2%2Fcomments&post=7240"}],"version-history":[{"count":25,"href":"https:\/\/www.nicolasdohr.com\/index.php?rest_route=\/wp\/v2\/pages\/7240\/revisions"}],"predecessor-version":[{"id":7370,"href":"https:\/\/www.nicolasdohr.com\/index.php?rest_route=\/wp\/v2\/pages\/7240\/revisions\/7370"}],"wp:featuredmedia":[{"embeddable":true,"href":"https:\/\/www.nicolasdohr.com\/index.php?rest_route=\/wp\/v2\/media\/4698"}],"wp:attachment":[{"href":"https:\/\/www.nicolasdohr.com\/index.php?rest_route=%2Fwp%2Fv2%2Fmedia&parent=7240"}],"curies":[{"name":"wp","href":"https:\/\/api.w.org\/{rel}","templated":true}]}}